{"id":2169,"date":"2022-02-04T11:41:54","date_gmt":"2022-02-04T10:41:54","guid":{"rendered":"https:\/\/insolem.fr\/services\/"},"modified":"2022-02-04T11:41:54","modified_gmt":"2022-02-04T10:41:54","slug":"services","status":"publish","type":"page","link":"https:\/\/insolem.fr\/en\/services\/","title":{"rendered":"Services"},"content":{"rendered":"","protected":false},"excerpt":{"rendered":"","protected":false},"author":1,"featured_media":0,"parent":0,"menu_order":0,"comment_status":"closed","ping_status":"closed","template":"","meta":{"footnotes":""},"class_list":["post-2169","page","type-page","status-publish","hentry"],"acf":[],"yoast_head":"<!-- This site is optimized with the Yoast SEO plugin v20.11 - https:\/\/yoast.com\/wordpress\/plugins\/seo\/ -->\n<title>Services : Insolem<\/title>\n<meta name=\"description\" content=\"Prestations \u00e9lectroniques compl\u00e8tes : d\u00e9veloppement firmware et software, d\u00e9veloppement \u00e9lectronique et d\u00e9veloppement de produit complet\" \/>\n<meta name=\"robots\" content=\"index, follow, max-snippet:-1, max-image-preview:large, max-video-preview:-1\" \/>\n<link rel=\"canonical\" href=\"https:\/\/insolem.fr\/en\/services\/\" \/>\n<meta property=\"og:locale\" content=\"en_US\" \/>\n<meta property=\"og:type\" content=\"article\" \/>\n<meta property=\"og:title\" content=\"Services : Insolem\" \/>\n<meta property=\"og:description\" content=\"Prestations \u00e9lectroniques compl\u00e8tes : d\u00e9veloppement firmware et software, d\u00e9veloppement \u00e9lectronique et d\u00e9veloppement de produit complet\" \/>\n<meta property=\"og:url\" content=\"https:\/\/insolem.fr\/en\/services\/\" \/>\n<meta property=\"og:site_name\" content=\"Insolem\" \/>\n<meta name=\"twitter:card\" content=\"summary_large_image\" \/>\n<script type=\"application\/ld+json\" class=\"yoast-schema-graph\">{\"@context\":\"https:\/\/schema.org\",\"@graph\":[{\"@type\":\"WebPage\",\"@id\":\"https:\/\/insolem.fr\/en\/services\/\",\"url\":\"https:\/\/insolem.fr\/en\/services\/\",\"name\":\"Services : Insolem\",\"isPartOf\":{\"@id\":\"https:\/\/insolem.fr\/en\/#website\"},\"datePublished\":\"2022-02-04T10:41:54+00:00\",\"dateModified\":\"2022-02-04T10:41:54+00:00\",\"description\":\"Prestations \u00e9lectroniques compl\u00e8tes : d\u00e9veloppement firmware et software, d\u00e9veloppement \u00e9lectronique et d\u00e9veloppement de produit complet\",\"inLanguage\":\"en-US\",\"potentialAction\":[{\"@type\":\"ReadAction\",\"target\":[\"https:\/\/insolem.fr\/en\/services\/\"]}]},{\"@type\":\"WebSite\",\"@id\":\"https:\/\/insolem.fr\/en\/#website\",\"url\":\"https:\/\/insolem.fr\/en\/\",\"name\":\"Insolem\",\"description\":\"Bureau d&#039;\u00e9tudes technologiques et strat\u00e9giques\",\"potentialAction\":[{\"@type\":\"SearchAction\",\"target\":{\"@type\":\"EntryPoint\",\"urlTemplate\":\"https:\/\/insolem.fr\/en\/?s={search_term_string}\"},\"query-input\":\"required name=search_term_string\"}],\"inLanguage\":\"en-US\"}]}<\/script>\n<!-- \/ Yoast SEO plugin. -->","yoast_head_json":{"title":"Services : Insolem","description":"Prestations \u00e9lectroniques compl\u00e8tes : d\u00e9veloppement firmware et software, d\u00e9veloppement \u00e9lectronique et d\u00e9veloppement de produit complet","robots":{"index":"index","follow":"follow","max-snippet":"max-snippet:-1","max-image-preview":"max-image-preview:large","max-video-preview":"max-video-preview:-1"},"canonical":"https:\/\/insolem.fr\/en\/services\/","og_locale":"en_US","og_type":"article","og_title":"Services : Insolem","og_description":"Prestations \u00e9lectroniques compl\u00e8tes : d\u00e9veloppement firmware et software, d\u00e9veloppement \u00e9lectronique et d\u00e9veloppement de produit complet","og_url":"https:\/\/insolem.fr\/en\/services\/","og_site_name":"Insolem","twitter_card":"summary_large_image","schema":{"@context":"https:\/\/schema.org","@graph":[{"@type":"WebPage","@id":"https:\/\/insolem.fr\/en\/services\/","url":"https:\/\/insolem.fr\/en\/services\/","name":"Services : Insolem","isPartOf":{"@id":"https:\/\/insolem.fr\/en\/#website"},"datePublished":"2022-02-04T10:41:54+00:00","dateModified":"2022-02-04T10:41:54+00:00","description":"Prestations \u00e9lectroniques compl\u00e8tes : d\u00e9veloppement firmware et software, d\u00e9veloppement \u00e9lectronique et d\u00e9veloppement de produit complet","inLanguage":"en-US","potentialAction":[{"@type":"ReadAction","target":["https:\/\/insolem.fr\/en\/services\/"]}]},{"@type":"WebSite","@id":"https:\/\/insolem.fr\/en\/#website","url":"https:\/\/insolem.fr\/en\/","name":"Insolem","description":"Bureau d&#039;\u00e9tudes technologiques et strat\u00e9giques","potentialAction":[{"@type":"SearchAction","target":{"@type":"EntryPoint","urlTemplate":"https:\/\/insolem.fr\/en\/?s={search_term_string}"},"query-input":"required name=search_term_string"}],"inLanguage":"en-US"}]}},"_links":{"self":[{"href":"https:\/\/insolem.fr\/en\/wp-json\/wp\/v2\/pages\/2169","targetHints":{"allow":["GET"]}}],"collection":[{"href":"https:\/\/insolem.fr\/en\/wp-json\/wp\/v2\/pages"}],"about":[{"href":"https:\/\/insolem.fr\/en\/wp-json\/wp\/v2\/types\/page"}],"author":[{"embeddable":true,"href":"https:\/\/insolem.fr\/en\/wp-json\/wp\/v2\/users\/1"}],"replies":[{"embeddable":true,"href":"https:\/\/insolem.fr\/en\/wp-json\/wp\/v2\/comments?post=2169"}],"version-history":[{"count":0,"href":"https:\/\/insolem.fr\/en\/wp-json\/wp\/v2\/pages\/2169\/revisions"}],"wp:attachment":[{"href":"https:\/\/insolem.fr\/en\/wp-json\/wp\/v2\/media?parent=2169"}],"curies":[{"name":"wp","href":"https:\/\/api.w.org\/{rel}","templated":true}]}}