{"id":2143,"date":"2022-02-04T09:50:14","date_gmt":"2022-02-04T08:50:14","guid":{"rendered":"https:\/\/insolem.fr\/hardware-development\/"},"modified":"2022-02-04T11:07:09","modified_gmt":"2022-02-04T10:07:09","slug":"hardware-development","status":"publish","type":"page","link":"https:\/\/insolem.fr\/en\/services\/hardware-development\/","title":{"rendered":"Hardware development"},"content":{"rendered":"","protected":false},"excerpt":{"rendered":"","protected":false},"author":1,"featured_media":1945,"parent":2169,"menu_order":0,"comment_status":"closed","ping_status":"closed","template":"page-templates\/service-hardware.php","meta":{"footnotes":""},"class_list":["post-2143","page","type-page","status-publish","has-post-thumbnail","hentry"],"acf":[],"yoast_head":"<!-- This site is optimized with the Yoast SEO plugin v20.11 - https:\/\/yoast.com\/wordpress\/plugins\/seo\/ -->\n<title>Hardware development : Insolem<\/title>\n<meta name=\"description\" content=\"D\u00e9veloppement \u00e9lectronique et design hardware pour vos objets connect\u00e9s industriels et syst\u00e8mes embarqu\u00e9s sur mesure\" \/>\n<meta name=\"robots\" content=\"index, follow, max-snippet:-1, max-image-preview:large, max-video-preview:-1\" \/>\n<link rel=\"canonical\" href=\"https:\/\/insolem.fr\/en\/services\/hardware-development\/\" \/>\n<meta property=\"og:locale\" content=\"en_US\" \/>\n<meta property=\"og:type\" content=\"article\" \/>\n<meta property=\"og:title\" content=\"Hardware development : Insolem\" \/>\n<meta property=\"og:description\" content=\"D\u00e9veloppement \u00e9lectronique et design hardware pour vos objets connect\u00e9s industriels et syst\u00e8mes embarqu\u00e9s sur mesure\" \/>\n<meta property=\"og:url\" content=\"https:\/\/insolem.fr\/en\/services\/hardware-development\/\" \/>\n<meta property=\"og:site_name\" content=\"Insolem\" \/>\n<meta property=\"article:modified_time\" content=\"2022-02-04T10:07:09+00:00\" \/>\n<meta property=\"og:image\" content=\"https:\/\/insolem.fr\/wp-content\/uploads\/2021\/11\/developpement-systemes-mecatroniques.jpg\" \/>\n\t<meta property=\"og:image:width\" content=\"1440\" \/>\n\t<meta property=\"og:image:height\" content=\"802\" \/>\n\t<meta property=\"og:image:type\" content=\"image\/jpeg\" \/>\n<meta name=\"twitter:card\" content=\"summary_large_image\" \/>\n<script type=\"application\/ld+json\" class=\"yoast-schema-graph\">{\"@context\":\"https:\/\/schema.org\",\"@graph\":[{\"@type\":\"WebPage\",\"@id\":\"https:\/\/insolem.fr\/en\/services\/hardware-development\/\",\"url\":\"https:\/\/insolem.fr\/en\/services\/hardware-development\/\",\"name\":\"Hardware development : Insolem\",\"isPartOf\":{\"@id\":\"https:\/\/insolem.fr\/en\/#website\"},\"datePublished\":\"2022-02-04T08:50:14+00:00\",\"dateModified\":\"2022-02-04T10:07:09+00:00\",\"description\":\"D\u00e9veloppement \u00e9lectronique et design hardware pour vos objets connect\u00e9s industriels et syst\u00e8mes embarqu\u00e9s sur mesure\",\"breadcrumb\":{\"@id\":\"https:\/\/insolem.fr\/en\/services\/hardware-development\/#breadcrumb\"},\"inLanguage\":\"en-US\",\"potentialAction\":[{\"@type\":\"ReadAction\",\"target\":[\"https:\/\/insolem.fr\/en\/services\/hardware-development\/\"]}]},{\"@type\":\"BreadcrumbList\",\"@id\":\"https:\/\/insolem.fr\/en\/services\/hardware-development\/#breadcrumb\",\"itemListElement\":[{\"@type\":\"ListItem\",\"position\":1,\"name\":\"Services\",\"item\":\"https:\/\/insolem.fr\/en\/services\/\"},{\"@type\":\"ListItem\",\"position\":2,\"name\":\"Hardware development\"}]},{\"@type\":\"WebSite\",\"@id\":\"https:\/\/insolem.fr\/en\/#website\",\"url\":\"https:\/\/insolem.fr\/en\/\",\"name\":\"Insolem\",\"description\":\"Bureau d&#039;\u00e9tudes technologiques et strat\u00e9giques\",\"potentialAction\":[{\"@type\":\"SearchAction\",\"target\":{\"@type\":\"EntryPoint\",\"urlTemplate\":\"https:\/\/insolem.fr\/en\/?s={search_term_string}\"},\"query-input\":\"required name=search_term_string\"}],\"inLanguage\":\"en-US\"}]}<\/script>\n<!-- \/ Yoast SEO plugin. -->","yoast_head_json":{"title":"Hardware development : Insolem","description":"D\u00e9veloppement \u00e9lectronique et design hardware pour vos objets connect\u00e9s industriels et syst\u00e8mes embarqu\u00e9s sur mesure","robots":{"index":"index","follow":"follow","max-snippet":"max-snippet:-1","max-image-preview":"max-image-preview:large","max-video-preview":"max-video-preview:-1"},"canonical":"https:\/\/insolem.fr\/en\/services\/hardware-development\/","og_locale":"en_US","og_type":"article","og_title":"Hardware development : Insolem","og_description":"D\u00e9veloppement \u00e9lectronique et design hardware pour vos objets connect\u00e9s industriels et syst\u00e8mes embarqu\u00e9s sur mesure","og_url":"https:\/\/insolem.fr\/en\/services\/hardware-development\/","og_site_name":"Insolem","article_modified_time":"2022-02-04T10:07:09+00:00","og_image":[{"width":1440,"height":802,"url":"https:\/\/insolem.fr\/wp-content\/uploads\/2021\/11\/developpement-systemes-mecatroniques.jpg","type":"image\/jpeg"}],"twitter_card":"summary_large_image","schema":{"@context":"https:\/\/schema.org","@graph":[{"@type":"WebPage","@id":"https:\/\/insolem.fr\/en\/services\/hardware-development\/","url":"https:\/\/insolem.fr\/en\/services\/hardware-development\/","name":"Hardware development : Insolem","isPartOf":{"@id":"https:\/\/insolem.fr\/en\/#website"},"datePublished":"2022-02-04T08:50:14+00:00","dateModified":"2022-02-04T10:07:09+00:00","description":"D\u00e9veloppement \u00e9lectronique et design hardware pour vos objets connect\u00e9s industriels et syst\u00e8mes embarqu\u00e9s sur mesure","breadcrumb":{"@id":"https:\/\/insolem.fr\/en\/services\/hardware-development\/#breadcrumb"},"inLanguage":"en-US","potentialAction":[{"@type":"ReadAction","target":["https:\/\/insolem.fr\/en\/services\/hardware-development\/"]}]},{"@type":"BreadcrumbList","@id":"https:\/\/insolem.fr\/en\/services\/hardware-development\/#breadcrumb","itemListElement":[{"@type":"ListItem","position":1,"name":"Services","item":"https:\/\/insolem.fr\/en\/services\/"},{"@type":"ListItem","position":2,"name":"Hardware development"}]},{"@type":"WebSite","@id":"https:\/\/insolem.fr\/en\/#website","url":"https:\/\/insolem.fr\/en\/","name":"Insolem","description":"Bureau d&#039;\u00e9tudes technologiques et strat\u00e9giques","potentialAction":[{"@type":"SearchAction","target":{"@type":"EntryPoint","urlTemplate":"https:\/\/insolem.fr\/en\/?s={search_term_string}"},"query-input":"required name=search_term_string"}],"inLanguage":"en-US"}]}},"_links":{"self":[{"href":"https:\/\/insolem.fr\/en\/wp-json\/wp\/v2\/pages\/2143","targetHints":{"allow":["GET"]}}],"collection":[{"href":"https:\/\/insolem.fr\/en\/wp-json\/wp\/v2\/pages"}],"about":[{"href":"https:\/\/insolem.fr\/en\/wp-json\/wp\/v2\/types\/page"}],"author":[{"embeddable":true,"href":"https:\/\/insolem.fr\/en\/wp-json\/wp\/v2\/users\/1"}],"replies":[{"embeddable":true,"href":"https:\/\/insolem.fr\/en\/wp-json\/wp\/v2\/comments?post=2143"}],"version-history":[{"count":3,"href":"https:\/\/insolem.fr\/en\/wp-json\/wp\/v2\/pages\/2143\/revisions"}],"predecessor-version":[{"id":2167,"href":"https:\/\/insolem.fr\/en\/wp-json\/wp\/v2\/pages\/2143\/revisions\/2167"}],"up":[{"embeddable":true,"href":"https:\/\/insolem.fr\/en\/wp-json\/wp\/v2\/pages\/2169"}],"wp:featuredmedia":[{"embeddable":true,"href":"https:\/\/insolem.fr\/en\/wp-json\/wp\/v2\/media\/1945"}],"wp:attachment":[{"href":"https:\/\/insolem.fr\/en\/wp-json\/wp\/v2\/media?parent=2143"}],"curies":[{"name":"wp","href":"https:\/\/api.w.org\/{rel}","templated":true}]}}