{"id":2138,"date":"2022-02-04T09:42:10","date_gmt":"2022-02-04T08:42:10","guid":{"rendered":"https:\/\/insolem.fr\/mechatronic-systems-development\/"},"modified":"2022-02-04T10:55:09","modified_gmt":"2022-02-04T09:55:09","slug":"mechatronic-systems-development","status":"publish","type":"page","link":"https:\/\/insolem.fr\/en\/services\/mechatronic-systems-development\/","title":{"rendered":"Mechatronic systems development"},"content":{"rendered":"\n<p>Lorem<\/p>\n\n\n\n<p>Linkl<\/p>\n","protected":false},"excerpt":{"rendered":"<p>Lorem Linkl<\/p>\n","protected":false},"author":1,"featured_media":1945,"parent":2169,"menu_order":0,"comment_status":"closed","ping_status":"closed","template":"page-templates\/service-mecatronique.php","meta":{"footnotes":""},"class_list":["post-2138","page","type-page","status-publish","has-post-thumbnail","hentry"],"acf":[],"yoast_head":"<!-- This site is optimized with the Yoast SEO plugin v20.11 - https:\/\/yoast.com\/wordpress\/plugins\/seo\/ -->\n<title>Mechatronic systems development : Insolem<\/title>\n<meta name=\"description\" content=\"D\u00e9veloppement de syst\u00e8mes m\u00e9catroniques sur mesure - hardware, software, \u00e9lectronique, m\u00e9canique et industrialisation\" \/>\n<meta name=\"robots\" content=\"index, follow, max-snippet:-1, max-image-preview:large, max-video-preview:-1\" \/>\n<link rel=\"canonical\" href=\"https:\/\/insolem.fr\/en\/services\/mechatronic-systems-development\/\" \/>\n<meta property=\"og:locale\" content=\"en_US\" \/>\n<meta property=\"og:type\" content=\"article\" \/>\n<meta property=\"og:title\" content=\"Mechatronic systems development : Insolem\" \/>\n<meta property=\"og:description\" content=\"D\u00e9veloppement de syst\u00e8mes m\u00e9catroniques sur mesure - hardware, software, \u00e9lectronique, m\u00e9canique et industrialisation\" \/>\n<meta property=\"og:url\" content=\"https:\/\/insolem.fr\/en\/services\/mechatronic-systems-development\/\" \/>\n<meta property=\"og:site_name\" content=\"Insolem\" \/>\n<meta property=\"article:modified_time\" content=\"2022-02-04T09:55:09+00:00\" \/>\n<meta property=\"og:image\" content=\"https:\/\/insolem.fr\/wp-content\/uploads\/2021\/11\/developpement-systemes-mecatroniques.jpg\" \/>\n\t<meta property=\"og:image:width\" content=\"1440\" \/>\n\t<meta property=\"og:image:height\" content=\"802\" \/>\n\t<meta property=\"og:image:type\" content=\"image\/jpeg\" \/>\n<meta name=\"twitter:card\" content=\"summary_large_image\" \/>\n<meta name=\"twitter:label1\" content=\"Est. reading time\" \/>\n\t<meta name=\"twitter:data1\" content=\"1 minute\" \/>\n<script type=\"application\/ld+json\" class=\"yoast-schema-graph\">{\"@context\":\"https:\/\/schema.org\",\"@graph\":[{\"@type\":\"WebPage\",\"@id\":\"https:\/\/insolem.fr\/en\/services\/mechatronic-systems-development\/\",\"url\":\"https:\/\/insolem.fr\/en\/services\/mechatronic-systems-development\/\",\"name\":\"Mechatronic systems development : Insolem\",\"isPartOf\":{\"@id\":\"https:\/\/insolem.fr\/en\/#website\"},\"datePublished\":\"2022-02-04T08:42:10+00:00\",\"dateModified\":\"2022-02-04T09:55:09+00:00\",\"description\":\"D\u00e9veloppement de syst\u00e8mes m\u00e9catroniques sur mesure - hardware, software, \u00e9lectronique, m\u00e9canique et industrialisation\",\"breadcrumb\":{\"@id\":\"https:\/\/insolem.fr\/en\/services\/mechatronic-systems-development\/#breadcrumb\"},\"inLanguage\":\"en-US\",\"potentialAction\":[{\"@type\":\"ReadAction\",\"target\":[\"https:\/\/insolem.fr\/en\/services\/mechatronic-systems-development\/\"]}]},{\"@type\":\"BreadcrumbList\",\"@id\":\"https:\/\/insolem.fr\/en\/services\/mechatronic-systems-development\/#breadcrumb\",\"itemListElement\":[{\"@type\":\"ListItem\",\"position\":1,\"name\":\"Services\",\"item\":\"https:\/\/insolem.fr\/en\/services\/\"},{\"@type\":\"ListItem\",\"position\":2,\"name\":\"Mechatronic systems development\"}]},{\"@type\":\"WebSite\",\"@id\":\"https:\/\/insolem.fr\/en\/#website\",\"url\":\"https:\/\/insolem.fr\/en\/\",\"name\":\"Insolem\",\"description\":\"Bureau d&#039;\u00e9tudes technologiques et strat\u00e9giques\",\"potentialAction\":[{\"@type\":\"SearchAction\",\"target\":{\"@type\":\"EntryPoint\",\"urlTemplate\":\"https:\/\/insolem.fr\/en\/?s={search_term_string}\"},\"query-input\":\"required name=search_term_string\"}],\"inLanguage\":\"en-US\"}]}<\/script>\n<!-- \/ Yoast SEO plugin. -->","yoast_head_json":{"title":"Mechatronic systems development : Insolem","description":"D\u00e9veloppement de syst\u00e8mes m\u00e9catroniques sur mesure - hardware, software, \u00e9lectronique, m\u00e9canique et industrialisation","robots":{"index":"index","follow":"follow","max-snippet":"max-snippet:-1","max-image-preview":"max-image-preview:large","max-video-preview":"max-video-preview:-1"},"canonical":"https:\/\/insolem.fr\/en\/services\/mechatronic-systems-development\/","og_locale":"en_US","og_type":"article","og_title":"Mechatronic systems development : Insolem","og_description":"D\u00e9veloppement de syst\u00e8mes m\u00e9catroniques sur mesure - hardware, software, \u00e9lectronique, m\u00e9canique et industrialisation","og_url":"https:\/\/insolem.fr\/en\/services\/mechatronic-systems-development\/","og_site_name":"Insolem","article_modified_time":"2022-02-04T09:55:09+00:00","og_image":[{"width":1440,"height":802,"url":"https:\/\/insolem.fr\/wp-content\/uploads\/2021\/11\/developpement-systemes-mecatroniques.jpg","type":"image\/jpeg"}],"twitter_card":"summary_large_image","twitter_misc":{"Est. reading time":"1 minute"},"schema":{"@context":"https:\/\/schema.org","@graph":[{"@type":"WebPage","@id":"https:\/\/insolem.fr\/en\/services\/mechatronic-systems-development\/","url":"https:\/\/insolem.fr\/en\/services\/mechatronic-systems-development\/","name":"Mechatronic systems development : Insolem","isPartOf":{"@id":"https:\/\/insolem.fr\/en\/#website"},"datePublished":"2022-02-04T08:42:10+00:00","dateModified":"2022-02-04T09:55:09+00:00","description":"D\u00e9veloppement de syst\u00e8mes m\u00e9catroniques sur mesure - hardware, software, \u00e9lectronique, m\u00e9canique et industrialisation","breadcrumb":{"@id":"https:\/\/insolem.fr\/en\/services\/mechatronic-systems-development\/#breadcrumb"},"inLanguage":"en-US","potentialAction":[{"@type":"ReadAction","target":["https:\/\/insolem.fr\/en\/services\/mechatronic-systems-development\/"]}]},{"@type":"BreadcrumbList","@id":"https:\/\/insolem.fr\/en\/services\/mechatronic-systems-development\/#breadcrumb","itemListElement":[{"@type":"ListItem","position":1,"name":"Services","item":"https:\/\/insolem.fr\/en\/services\/"},{"@type":"ListItem","position":2,"name":"Mechatronic systems development"}]},{"@type":"WebSite","@id":"https:\/\/insolem.fr\/en\/#website","url":"https:\/\/insolem.fr\/en\/","name":"Insolem","description":"Bureau d&#039;\u00e9tudes technologiques et strat\u00e9giques","potentialAction":[{"@type":"SearchAction","target":{"@type":"EntryPoint","urlTemplate":"https:\/\/insolem.fr\/en\/?s={search_term_string}"},"query-input":"required name=search_term_string"}],"inLanguage":"en-US"}]}},"_links":{"self":[{"href":"https:\/\/insolem.fr\/en\/wp-json\/wp\/v2\/pages\/2138","targetHints":{"allow":["GET"]}}],"collection":[{"href":"https:\/\/insolem.fr\/en\/wp-json\/wp\/v2\/pages"}],"about":[{"href":"https:\/\/insolem.fr\/en\/wp-json\/wp\/v2\/types\/page"}],"author":[{"embeddable":true,"href":"https:\/\/insolem.fr\/en\/wp-json\/wp\/v2\/users\/1"}],"replies":[{"embeddable":true,"href":"https:\/\/insolem.fr\/en\/wp-json\/wp\/v2\/comments?post=2138"}],"version-history":[{"count":5,"href":"https:\/\/insolem.fr\/en\/wp-json\/wp\/v2\/pages\/2138\/revisions"}],"predecessor-version":[{"id":2163,"href":"https:\/\/insolem.fr\/en\/wp-json\/wp\/v2\/pages\/2138\/revisions\/2163"}],"up":[{"embeddable":true,"href":"https:\/\/insolem.fr\/en\/wp-json\/wp\/v2\/pages\/2169"}],"wp:featuredmedia":[{"embeddable":true,"href":"https:\/\/insolem.fr\/en\/wp-json\/wp\/v2\/media\/1945"}],"wp:attachment":[{"href":"https:\/\/insolem.fr\/en\/wp-json\/wp\/v2\/media?parent=2138"}],"curies":[{"name":"wp","href":"https:\/\/api.w.org\/{rel}","templated":true}]}}